{"id":146,"date":"2025-09-22T04:03:11","date_gmt":"2025-09-22T04:03:11","guid":{"rendered":"https:\/\/maskepanalicante.es\/?page_id=146"},"modified":"2025-09-22T04:03:24","modified_gmt":"2025-09-22T04:03:24","slug":"bolleria-salada","status":"publish","type":"page","link":"https:\/\/maskepanalicante.es\/index.php\/bolleria-salada\/","title":{"rendered":"Boller\u00eda salada."},"content":{"rendered":"\n<p class=\"has-text-align-center\">Con relleno (carne o pescado) o sin relleno.<br>Tradicional y original.<\/p>\n\n\n\n<figure class=\"wp-block-image size-full is-resized\"><img loading=\"lazy\" decoding=\"async\" width=\"1024\" height=\"1024\" src=\"https:\/\/maskepanalicante.es\/wp-content\/uploads\/2025\/09\/bolleria_salada.png\" alt=\"\" class=\"wp-image-104\" style=\"width:578px;height:auto\" srcset=\"https:\/\/maskepanalicante.es\/wp-content\/uploads\/2025\/09\/bolleria_salada.png 1024w, https:\/\/maskepanalicante.es\/wp-content\/uploads\/2025\/09\/bolleria_salada-300x300.png 300w, https:\/\/maskepanalicante.es\/wp-content\/uploads\/2025\/09\/bolleria_salada-150x150.png 150w, https:\/\/maskepanalicante.es\/wp-content\/uploads\/2025\/09\/bolleria_salada-768x768.png 768w, https:\/\/maskepanalicante.es\/wp-content\/uploads\/2025\/09\/bolleria_salada-600x600.png 600w, https:\/\/maskepanalicante.es\/wp-content\/uploads\/2025\/09\/bolleria_salada-100x100.png 100w\" sizes=\"auto, (max-width: 1024px) 100vw, 1024px\" \/><\/figure>\n\n\n\n<p>En MAS KE PAN encontrar\u00e1s:<br><br>-Cocas saladas.<br>-Pizzas.<br>-Saladitos.<br>-Croissants vegetales.<br>-Croissants rellenos de salm\u00f3n.<br>-Quich\u00e9 Lorraine.<br>-Croissants de jam\u00f3n y queso.<br><\/p>\n","protected":false},"excerpt":{"rendered":"<p>Con relleno (carne o pescado) o sin relleno.Tradicional y original. En MAS KE PAN encontrar\u00e1s: -Cocas saladas.-Pizzas.-Saladitos.-Croissants vegetales.-Croissants rellenos de salm\u00f3n.-Quich\u00e9 Lorraine.-Croissants de jam\u00f3n y queso.<\/p>\n","protected":false},"author":1,"featured_media":0,"parent":0,"menu_order":0,"comment_status":"closed","ping_status":"closed","template":"","meta":{"footnotes":""},"class_list":["post-146","page","type-page","status-publish","hentry"],"jetpack_sharing_enabled":true,"_links":{"self":[{"href":"https:\/\/maskepanalicante.es\/index.php\/wp-json\/wp\/v2\/pages\/146","targetHints":{"allow":["GET"]}}],"collection":[{"href":"https:\/\/maskepanalicante.es\/index.php\/wp-json\/wp\/v2\/pages"}],"about":[{"href":"https:\/\/maskepanalicante.es\/index.php\/wp-json\/wp\/v2\/types\/page"}],"author":[{"embeddable":true,"href":"https:\/\/maskepanalicante.es\/index.php\/wp-json\/wp\/v2\/users\/1"}],"replies":[{"embeddable":true,"href":"https:\/\/maskepanalicante.es\/index.php\/wp-json\/wp\/v2\/comments?post=146"}],"version-history":[{"count":2,"href":"https:\/\/maskepanalicante.es\/index.php\/wp-json\/wp\/v2\/pages\/146\/revisions"}],"predecessor-version":[{"id":149,"href":"https:\/\/maskepanalicante.es\/index.php\/wp-json\/wp\/v2\/pages\/146\/revisions\/149"}],"wp:attachment":[{"href":"https:\/\/maskepanalicante.es\/index.php\/wp-json\/wp\/v2\/media?parent=146"}],"curies":[{"name":"wp","href":"https:\/\/api.w.org\/{rel}","templated":true}]}}