{"id":154,"date":"2025-09-22T04:14:02","date_gmt":"2025-09-22T04:14:02","guid":{"rendered":"https:\/\/maskepanalicante.es\/?page_id=154"},"modified":"2025-09-22T04:14:02","modified_gmt":"2025-09-22T04:14:02","slug":"empanadillas-2","status":"publish","type":"page","link":"https:\/\/maskepanalicante.es\/index.php\/empanadillas-2\/","title":{"rendered":"Empanadillas."},"content":{"rendered":"\n<p class=\"has-text-align-center\">Las Alicantinas, y si nos lo pides, te hacemos las de M\u00f3stoles.<\/p>\n\n\n\n<figure class=\"wp-block-image size-full\"><img loading=\"lazy\" decoding=\"async\" width=\"1024\" height=\"1024\" src=\"https:\/\/maskepanalicante.es\/wp-content\/uploads\/2025\/09\/Empanadillas.png\" alt=\"\" class=\"wp-image-106\" srcset=\"https:\/\/maskepanalicante.es\/wp-content\/uploads\/2025\/09\/Empanadillas.png 1024w, https:\/\/maskepanalicante.es\/wp-content\/uploads\/2025\/09\/Empanadillas-300x300.png 300w, https:\/\/maskepanalicante.es\/wp-content\/uploads\/2025\/09\/Empanadillas-150x150.png 150w, https:\/\/maskepanalicante.es\/wp-content\/uploads\/2025\/09\/Empanadillas-768x768.png 768w, https:\/\/maskepanalicante.es\/wp-content\/uploads\/2025\/09\/Empanadillas-600x600.png 600w, https:\/\/maskepanalicante.es\/wp-content\/uploads\/2025\/09\/Empanadillas-100x100.png 100w\" sizes=\"auto, (max-width: 1024px) 100vw, 1024px\" \/><\/figure>\n\n\n\n<p>En MAS KE PAN tenemos para ti EMPANADILLAS rellenas de pisto, queso de cabra, sobrasada, barbacoa, at\u00fan con cebolla, morcilla y m\u00e1s cosas originales.<\/p>\n","protected":false},"excerpt":{"rendered":"<p>Las Alicantinas, y si nos lo pides, te hacemos las de M\u00f3stoles. En MAS KE PAN tenemos para ti EMPANADILLAS rellenas de pisto, queso de cabra, sobrasada, barbacoa, at\u00fan con cebolla, morcilla y m\u00e1s cosas originales.<\/p>\n","protected":false},"author":1,"featured_media":0,"parent":0,"menu_order":0,"comment_status":"closed","ping_status":"closed","template":"","meta":{"footnotes":""},"class_list":["post-154","page","type-page","status-publish","hentry"],"jetpack_sharing_enabled":true,"_links":{"self":[{"href":"https:\/\/maskepanalicante.es\/index.php\/wp-json\/wp\/v2\/pages\/154","targetHints":{"allow":["GET"]}}],"collection":[{"href":"https:\/\/maskepanalicante.es\/index.php\/wp-json\/wp\/v2\/pages"}],"about":[{"href":"https:\/\/maskepanalicante.es\/index.php\/wp-json\/wp\/v2\/types\/page"}],"author":[{"embeddable":true,"href":"https:\/\/maskepanalicante.es\/index.php\/wp-json\/wp\/v2\/users\/1"}],"replies":[{"embeddable":true,"href":"https:\/\/maskepanalicante.es\/index.php\/wp-json\/wp\/v2\/comments?post=154"}],"version-history":[{"count":1,"href":"https:\/\/maskepanalicante.es\/index.php\/wp-json\/wp\/v2\/pages\/154\/revisions"}],"predecessor-version":[{"id":155,"href":"https:\/\/maskepanalicante.es\/index.php\/wp-json\/wp\/v2\/pages\/154\/revisions\/155"}],"wp:attachment":[{"href":"https:\/\/maskepanalicante.es\/index.php\/wp-json\/wp\/v2\/media?parent=154"}],"curies":[{"name":"wp","href":"https:\/\/api.w.org\/{rel}","templated":true}]}}