{"id":172,"date":"2025-09-22T08:14:37","date_gmt":"2025-09-22T08:14:37","guid":{"rendered":"https:\/\/maskepanalicante.es\/?page_id=172"},"modified":"2025-09-22T08:14:37","modified_gmt":"2025-09-22T08:14:37","slug":"bebidas-2","status":"publish","type":"page","link":"https:\/\/maskepanalicante.es\/index.php\/bebidas-2\/","title":{"rendered":"BEBIDAS."},"content":{"rendered":"\n<p class=\"has-text-align-center\">Para que te entre bien la comida, necesitar\u00e1s una buena bebida, caliente o fr\u00eda.<\/p>\n\n\n\n<figure class=\"wp-block-image size-full\"><img loading=\"lazy\" decoding=\"async\" width=\"590\" height=\"882\" src=\"https:\/\/maskepanalicante.es\/wp-content\/uploads\/2025\/09\/bebidas.png\" alt=\"\" class=\"wp-image-103\" srcset=\"https:\/\/maskepanalicante.es\/wp-content\/uploads\/2025\/09\/bebidas.png 590w, https:\/\/maskepanalicante.es\/wp-content\/uploads\/2025\/09\/bebidas-201x300.png 201w\" sizes=\"auto, (max-width: 590px) 100vw, 590px\" \/><\/figure>\n\n\n\n<p>Tenemos bebidas de marca, caf\u00e9 natural, agua, y otras bebidas nuevas que seguro te sorprender\u00e1n. Ven a MAS KE PAN y desc\u00fabrelas. <\/p>\n","protected":false},"excerpt":{"rendered":"<p>Para que te entre bien la comida, necesitar\u00e1s una buena bebida, caliente o fr\u00eda. Tenemos bebidas de marca, caf\u00e9 natural, agua, y otras bebidas nuevas que seguro te sorprender\u00e1n. Ven a MAS KE PAN y desc\u00fabrelas.<\/p>\n","protected":false},"author":1,"featured_media":0,"parent":0,"menu_order":0,"comment_status":"closed","ping_status":"closed","template":"","meta":{"footnotes":""},"class_list":["post-172","page","type-page","status-publish","hentry"],"jetpack_sharing_enabled":true,"_links":{"self":[{"href":"https:\/\/maskepanalicante.es\/index.php\/wp-json\/wp\/v2\/pages\/172","targetHints":{"allow":["GET"]}}],"collection":[{"href":"https:\/\/maskepanalicante.es\/index.php\/wp-json\/wp\/v2\/pages"}],"about":[{"href":"https:\/\/maskepanalicante.es\/index.php\/wp-json\/wp\/v2\/types\/page"}],"author":[{"embeddable":true,"href":"https:\/\/maskepanalicante.es\/index.php\/wp-json\/wp\/v2\/users\/1"}],"replies":[{"embeddable":true,"href":"https:\/\/maskepanalicante.es\/index.php\/wp-json\/wp\/v2\/comments?post=172"}],"version-history":[{"count":1,"href":"https:\/\/maskepanalicante.es\/index.php\/wp-json\/wp\/v2\/pages\/172\/revisions"}],"predecessor-version":[{"id":173,"href":"https:\/\/maskepanalicante.es\/index.php\/wp-json\/wp\/v2\/pages\/172\/revisions\/173"}],"wp:attachment":[{"href":"https:\/\/maskepanalicante.es\/index.php\/wp-json\/wp\/v2\/media?parent=172"}],"curies":[{"name":"wp","href":"https:\/\/api.w.org\/{rel}","templated":true}]}}